{"id":1914,"date":"2021-03-01T15:05:39","date_gmt":"2021-03-01T14:05:39","guid":{"rendered":"https:\/\/champagne-henry-bourdelat.fr\/?post_type=product&#038;p=1914"},"modified":"2024-07-31T11:06:27","modified_gmt":"2024-07-31T09:06:27","slug":"ratafia","status":"publish","type":"product","link":"https:\/\/champagne-henry-bourdelat.fr\/index.php\/produit\/ratafia\/","title":{"rendered":"Ratafia"},"content":{"rendered":"<p><strong>Il est un ap\u00e9ritif naturel \u00e9labor\u00e9 \u00e0 partir de jus de raisin de champagne et d\u2019alcool.<\/strong><\/p>\n<div class=\"texte\">\n<p class=\"spip\">Il peut se d\u00e9guster aussi avec du foie gras ou des fromages forts.<\/p>\n<\/div>\n","protected":false},"excerpt":{"rendered":"<p>Il est un ap\u00e9ritif naturel \u00e9labor\u00e9 \u00e0 partir de jus de raisin de champagne et d\u2019alcool. Il peut se d\u00e9guster aussi avec du foie gras ou des fromages forts.<\/p>\n","protected":false},"featured_media":1876,"template":"","meta":[],"product_brand":[],"product_cat":[27,26],"product_tag":[],"class_list":{"0":"post-1914","1":"product","2":"type-product","3":"status-publish","4":"has-post-thumbnail","6":"product_cat-produits","7":"product_cat-autres","9":"first","10":"instock","11":"shipping-taxable","12":"purchasable","13":"product-type-simple"},"_links":{"self":[{"href":"https:\/\/champagne-henry-bourdelat.fr\/index.php\/wp-json\/wp\/v2\/product\/1914","targetHints":{"allow":["GET"]}}],"collection":[{"href":"https:\/\/champagne-henry-bourdelat.fr\/index.php\/wp-json\/wp\/v2\/product"}],"about":[{"href":"https:\/\/champagne-henry-bourdelat.fr\/index.php\/wp-json\/wp\/v2\/types\/product"}],"wp:featuredmedia":[{"embeddable":true,"href":"https:\/\/champagne-henry-bourdelat.fr\/index.php\/wp-json\/wp\/v2\/media\/1876"}],"wp:attachment":[{"href":"https:\/\/champagne-henry-bourdelat.fr\/index.php\/wp-json\/wp\/v2\/media?parent=1914"}],"wp:term":[{"taxonomy":"product_brand","embeddable":true,"href":"https:\/\/champagne-henry-bourdelat.fr\/index.php\/wp-json\/wp\/v2\/product_brand?post=1914"},{"taxonomy":"product_cat","embeddable":true,"href":"https:\/\/champagne-henry-bourdelat.fr\/index.php\/wp-json\/wp\/v2\/product_cat?post=1914"},{"taxonomy":"product_tag","embeddable":true,"href":"https:\/\/champagne-henry-bourdelat.fr\/index.php\/wp-json\/wp\/v2\/product_tag?post=1914"}],"curies":[{"name":"wp","href":"https:\/\/api.w.org\/{rel}","templated":true}]}}