{"id":1912,"date":"2021-03-01T15:01:53","date_gmt":"2021-03-01T14:01:53","guid":{"rendered":"https:\/\/champagne-henry-bourdelat.fr\/?post_type=product&#038;p=1912"},"modified":"2026-01-30T16:03:51","modified_gmt":"2026-01-30T15:03:51","slug":"cuvee-prestige-brut","status":"publish","type":"product","link":"https:\/\/champagne-henry-bourdelat.fr\/index.php\/produit\/cuvee-prestige-brut\/","title":{"rendered":"Cuv\u00e9e Prestige Brut"},"content":{"rendered":"<div class=\"chapo\"><strong>Pr\u00e9sent\u00e9 dans un flaconnage sp\u00e9cial, ce champagne est \u00e9labor\u00e9 uniquement \u00e0 partir de vielles vignes de Chardonnay et de Pinot noir, il exalte des ar\u00f4mes intenses et complexes de fruits confits.<\/strong><\/div>\n<div class=\"texte\">\n<p class=\"spip\">Puissant et chaleureux, une cuv\u00e9e rare, \u00e0 d\u00e9couvrir et\u2026 \u00e0 partager.<\/p>\n<\/div>\n","protected":false},"excerpt":{"rendered":"<p>Pr\u00e9sent\u00e9 dans un flaconnage sp\u00e9cial, ce champagne est \u00e9labor\u00e9 uniquement \u00e0 partir de vielles vignes de Chardonnay et de Pinot noir, il exalte des ar\u00f4mes intenses et complexes de fruits confits. Puissant et chaleureux, une cuv\u00e9e rare, \u00e0 d\u00e9couvrir et\u2026 \u00e0 partager.<\/p>\n","protected":false},"featured_media":1870,"template":"","meta":[],"product_brand":[],"product_cat":[27,25],"product_tag":[],"class_list":{"0":"post-1912","1":"product","2":"type-product","3":"status-publish","4":"has-post-thumbnail","6":"product_cat-produits","7":"product_cat-champagnes","9":"first","10":"instock","11":"shipping-taxable","12":"purchasable","13":"product-type-simple"},"_links":{"self":[{"href":"https:\/\/champagne-henry-bourdelat.fr\/index.php\/wp-json\/wp\/v2\/product\/1912","targetHints":{"allow":["GET"]}}],"collection":[{"href":"https:\/\/champagne-henry-bourdelat.fr\/index.php\/wp-json\/wp\/v2\/product"}],"about":[{"href":"https:\/\/champagne-henry-bourdelat.fr\/index.php\/wp-json\/wp\/v2\/types\/product"}],"wp:featuredmedia":[{"embeddable":true,"href":"https:\/\/champagne-henry-bourdelat.fr\/index.php\/wp-json\/wp\/v2\/media\/1870"}],"wp:attachment":[{"href":"https:\/\/champagne-henry-bourdelat.fr\/index.php\/wp-json\/wp\/v2\/media?parent=1912"}],"wp:term":[{"taxonomy":"product_brand","embeddable":true,"href":"https:\/\/champagne-henry-bourdelat.fr\/index.php\/wp-json\/wp\/v2\/product_brand?post=1912"},{"taxonomy":"product_cat","embeddable":true,"href":"https:\/\/champagne-henry-bourdelat.fr\/index.php\/wp-json\/wp\/v2\/product_cat?post=1912"},{"taxonomy":"product_tag","embeddable":true,"href":"https:\/\/champagne-henry-bourdelat.fr\/index.php\/wp-json\/wp\/v2\/product_tag?post=1912"}],"curies":[{"name":"wp","href":"https:\/\/api.w.org\/{rel}","templated":true}]}}