{"id":1911,"date":"2021-03-01T15:00:25","date_gmt":"2021-03-01T14:00:25","guid":{"rendered":"https:\/\/champagne-henry-bourdelat.fr\/?post_type=product&#038;p=1911"},"modified":"2024-07-31T11:05:57","modified_gmt":"2024-07-31T09:05:57","slug":"cuvee-selection-brut","status":"publish","type":"product","link":"https:\/\/champagne-henry-bourdelat.fr\/index.php\/produit\/cuvee-selection-brut\/","title":{"rendered":"Cuv\u00e9e S\u00e9lection Brut"},"content":{"rendered":"<div class=\"chapo\"><strong>Cette cuv\u00e9e est \u00e9labor\u00e9e avec un assemblage 1\/3 de Chardonnay, 1\/3 pinot noir et 1\/3 de Meunier, ce qui est bien repr\u00e9sentatif de la Champagne.<\/strong><\/div>\n<div class=\"texte\">\n<p class=\"spip\">Elle exprime des ar\u00f4mes de fruits confits et de beurre frais. \u00c9l\u00e9gant et raffin\u00e9 en bouche, elle accompagne parfaitement les plats l\u00e9gers.<\/p>\n<\/div>\n","protected":false},"excerpt":{"rendered":"<p>Cette cuv\u00e9e est \u00e9labor\u00e9e avec un assemblage 1\/3 de Chardonnay, 1\/3 pinot noir et 1\/3 de Meunier, ce qui est bien repr\u00e9sentatif de la Champagne. Elle exprime des ar\u00f4mes de fruits confits et de beurre frais. \u00c9l\u00e9gant et raffin\u00e9 en bouche, elle accompagne parfaitement les plats l\u00e9gers.<\/p>\n","protected":false},"featured_media":1872,"template":"","meta":[],"product_brand":[],"product_cat":[27,25],"product_tag":[],"class_list":{"0":"post-1911","1":"product","2":"type-product","3":"status-publish","4":"has-post-thumbnail","6":"product_cat-produits","7":"product_cat-champagnes","9":"first","10":"instock","11":"shipping-taxable","12":"purchasable","13":"product-type-simple"},"_links":{"self":[{"href":"https:\/\/champagne-henry-bourdelat.fr\/index.php\/wp-json\/wp\/v2\/product\/1911","targetHints":{"allow":["GET"]}}],"collection":[{"href":"https:\/\/champagne-henry-bourdelat.fr\/index.php\/wp-json\/wp\/v2\/product"}],"about":[{"href":"https:\/\/champagne-henry-bourdelat.fr\/index.php\/wp-json\/wp\/v2\/types\/product"}],"wp:featuredmedia":[{"embeddable":true,"href":"https:\/\/champagne-henry-bourdelat.fr\/index.php\/wp-json\/wp\/v2\/media\/1872"}],"wp:attachment":[{"href":"https:\/\/champagne-henry-bourdelat.fr\/index.php\/wp-json\/wp\/v2\/media?parent=1911"}],"wp:term":[{"taxonomy":"product_brand","embeddable":true,"href":"https:\/\/champagne-henry-bourdelat.fr\/index.php\/wp-json\/wp\/v2\/product_brand?post=1911"},{"taxonomy":"product_cat","embeddable":true,"href":"https:\/\/champagne-henry-bourdelat.fr\/index.php\/wp-json\/wp\/v2\/product_cat?post=1911"},{"taxonomy":"product_tag","embeddable":true,"href":"https:\/\/champagne-henry-bourdelat.fr\/index.php\/wp-json\/wp\/v2\/product_tag?post=1911"}],"curies":[{"name":"wp","href":"https:\/\/api.w.org\/{rel}","templated":true}]}}