{"id":1909,"date":"2021-03-01T14:59:32","date_gmt":"2021-03-01T13:59:32","guid":{"rendered":"https:\/\/champagne-henry-bourdelat.fr\/?post_type=product&#038;p=1909"},"modified":"2024-07-31T11:05:47","modified_gmt":"2024-07-31T09:05:47","slug":"cuvee-rose-de-saignee-brut","status":"publish","type":"product","link":"https:\/\/champagne-henry-bourdelat.fr\/index.php\/produit\/cuvee-rose-de-saignee-brut\/","title":{"rendered":"Cuv\u00e9e Ros\u00e9 de Saign\u00e9e Brut"},"content":{"rendered":"<div class=\"chapo\"><strong>Ce champagne est r\u00e9alis\u00e9 \u00e0 partir de ros\u00e9 de saign\u00e9e.<\/strong><\/div>\n<div class=\"texte\">\n<p class=\"spip\">Sa robe rouge violac\u00e9e, sa mousse g\u00e9n\u00e9reuse avec des bulles fines et un cordon persistant, et un nez ouvert sur des aromes de fruits rouges puis noirs, accompagn\u00e9s par des notes de r\u00e9glisse, sans oublier une bouche tr\u00e8s gourmande. Se d\u00e9guste \u00e0 l\u2019ap\u00e9ritif ou sur des dessert peu sucr\u00e9s<\/p>\n<\/div>\n","protected":false},"excerpt":{"rendered":"<p>Ce champagne est r\u00e9alis\u00e9 \u00e0 partir de ros\u00e9 de saign\u00e9e. Sa robe rouge violac\u00e9e, sa mousse g\u00e9n\u00e9reuse avec des bulles fines et un cordon persistant, et un nez ouvert sur des aromes de fruits rouges puis noirs, accompagn\u00e9s par des notes de r\u00e9glisse, sans oublier une bouche tr\u00e8s gourmande. Se d\u00e9guste \u00e0 l\u2019ap\u00e9ritif ou sur<br class=\"read-more-spacer\"> <a class=\"more-link\" href=\"https:\/\/champagne-henry-bourdelat.fr\/index.php\/produit\/cuvee-rose-de-saignee-brut\/\">Read More<\/a><\/p>\n","protected":false},"featured_media":1877,"template":"","meta":[],"product_brand":[],"product_cat":[27,25],"product_tag":[],"class_list":{"0":"post-1909","1":"product","2":"type-product","3":"status-publish","4":"has-post-thumbnail","6":"product_cat-produits","7":"product_cat-champagnes","9":"first","10":"instock","11":"shipping-taxable","12":"purchasable","13":"product-type-simple"},"_links":{"self":[{"href":"https:\/\/champagne-henry-bourdelat.fr\/index.php\/wp-json\/wp\/v2\/product\/1909","targetHints":{"allow":["GET"]}}],"collection":[{"href":"https:\/\/champagne-henry-bourdelat.fr\/index.php\/wp-json\/wp\/v2\/product"}],"about":[{"href":"https:\/\/champagne-henry-bourdelat.fr\/index.php\/wp-json\/wp\/v2\/types\/product"}],"wp:featuredmedia":[{"embeddable":true,"href":"https:\/\/champagne-henry-bourdelat.fr\/index.php\/wp-json\/wp\/v2\/media\/1877"}],"wp:attachment":[{"href":"https:\/\/champagne-henry-bourdelat.fr\/index.php\/wp-json\/wp\/v2\/media?parent=1909"}],"wp:term":[{"taxonomy":"product_brand","embeddable":true,"href":"https:\/\/champagne-henry-bourdelat.fr\/index.php\/wp-json\/wp\/v2\/product_brand?post=1909"},{"taxonomy":"product_cat","embeddable":true,"href":"https:\/\/champagne-henry-bourdelat.fr\/index.php\/wp-json\/wp\/v2\/product_cat?post=1909"},{"taxonomy":"product_tag","embeddable":true,"href":"https:\/\/champagne-henry-bourdelat.fr\/index.php\/wp-json\/wp\/v2\/product_tag?post=1909"}],"curies":[{"name":"wp","href":"https:\/\/api.w.org\/{rel}","templated":true}]}}