{"id":1908,"date":"2021-03-01T14:58:03","date_gmt":"2021-03-01T13:58:03","guid":{"rendered":"https:\/\/champagne-henry-bourdelat.fr\/?post_type=product&#038;p=1908"},"modified":"2024-07-31T11:05:29","modified_gmt":"2024-07-31T09:05:29","slug":"cuvee-reserve-demi-sec","status":"publish","type":"product","link":"https:\/\/champagne-henry-bourdelat.fr\/index.php\/produit\/cuvee-reserve-demi-sec\/","title":{"rendered":"Cuv\u00e9e R\u00e9serve Demi Sec"},"content":{"rendered":"<div class=\"chapo\"><strong>Issu du m\u00eame assemblage que le Brut R\u00e9serve, le Demi-sec Henry &amp; Bourdelat a \u00e9t\u00e9 judicieusement dos\u00e9.<\/strong><\/div>\n<div class=\"texte\">\n<p class=\"spip\">Fruit\u00e9 et moelleux, ce champagne accompagnera harmonieusement les desserts.<\/p>\n<\/div>\n","protected":false},"excerpt":{"rendered":"<p>Issu du m\u00eame assemblage que le Brut R\u00e9serve, le Demi-sec Henry &amp; Bourdelat a \u00e9t\u00e9 judicieusement dos\u00e9. Fruit\u00e9 et moelleux, ce champagne accompagnera harmonieusement les desserts.<\/p>\n","protected":false},"featured_media":1917,"template":"","meta":[],"product_brand":[],"product_cat":[27,25],"product_tag":[],"class_list":{"0":"post-1908","1":"product","2":"type-product","3":"status-publish","4":"has-post-thumbnail","6":"product_cat-produits","7":"product_cat-champagnes","9":"first","10":"instock","11":"shipping-taxable","12":"purchasable","13":"product-type-simple"},"_links":{"self":[{"href":"https:\/\/champagne-henry-bourdelat.fr\/index.php\/wp-json\/wp\/v2\/product\/1908","targetHints":{"allow":["GET"]}}],"collection":[{"href":"https:\/\/champagne-henry-bourdelat.fr\/index.php\/wp-json\/wp\/v2\/product"}],"about":[{"href":"https:\/\/champagne-henry-bourdelat.fr\/index.php\/wp-json\/wp\/v2\/types\/product"}],"wp:featuredmedia":[{"embeddable":true,"href":"https:\/\/champagne-henry-bourdelat.fr\/index.php\/wp-json\/wp\/v2\/media\/1917"}],"wp:attachment":[{"href":"https:\/\/champagne-henry-bourdelat.fr\/index.php\/wp-json\/wp\/v2\/media?parent=1908"}],"wp:term":[{"taxonomy":"product_brand","embeddable":true,"href":"https:\/\/champagne-henry-bourdelat.fr\/index.php\/wp-json\/wp\/v2\/product_brand?post=1908"},{"taxonomy":"product_cat","embeddable":true,"href":"https:\/\/champagne-henry-bourdelat.fr\/index.php\/wp-json\/wp\/v2\/product_cat?post=1908"},{"taxonomy":"product_tag","embeddable":true,"href":"https:\/\/champagne-henry-bourdelat.fr\/index.php\/wp-json\/wp\/v2\/product_tag?post=1908"}],"curies":[{"name":"wp","href":"https:\/\/api.w.org\/{rel}","templated":true}]}}